{"id":61,"date":"2024-06-10T23:05:35","date_gmt":"2024-06-10T23:05:35","guid":{"rendered":"https:\/\/demo.workforce.nacspacehosting.com\/?page_id=61"},"modified":"2025-01-22T01:04:41","modified_gmt":"2025-01-22T01:04:41","slug":"opciones-de-carrera-para-estudiantes-de-secundaria-y-universitarios-en-el-este-profundo-de-texas","status":"publish","type":"page","link":"https:\/\/detcareerpathways.org\/es\/career-options-work-in-deep-east-texas-for-students-high-school-college\/","title":{"rendered":"Para estudiantes"},"content":{"rendered":"<div data-elementor-type=\"wp-page\" data-elementor-id=\"61\" class=\"elementor elementor-61\" data-elementor-post-type=\"page\">\n\t\t\t\t<main class=\"elementor-element elementor-element-1a3a8bc1 e-con-full e-flex e-con e-parent\" data-id=\"1a3a8bc1\" data-element_type=\"container\" data-e-type=\"container\" data-settings=\"{&quot;background_background&quot;:&quot;classic&quot;}\">\n\t\t<div class=\"elementor-element elementor-element-284087dd e-con-full e-flex e-con e-child\" data-id=\"284087dd\" data-element_type=\"container\" data-e-type=\"container\">\n\t\t\t\t<\/div>\n\t\t<div class=\"elementor-element elementor-element-341fe75c e-con-full e-flex e-con e-child\" data-id=\"341fe75c\" data-element_type=\"container\" data-e-type=\"container\">\n\t\t<div class=\"elementor-element elementor-element-2a6e0deb e-flex e-con-boxed e-con e-child\" data-id=\"2a6e0deb\" data-element_type=\"container\" data-e-type=\"container\">\n\t\t\t\t\t<div class=\"e-con-inner\">\n\t\t\t\t<div class=\"elementor-element elementor-element-48e9bcb5 elementor-widget elementor-widget-heading\" data-id=\"48e9bcb5\" data-element_type=\"widget\" data-e-type=\"widget\" id=\"content\" data-widget_type=\"heading.default\">\n\t\t\t\t<div class=\"elementor-widget-container\">\n\t\t\t\t\t<h1 class=\"elementor-heading-title elementor-size-default\">Desbloquea el potencial<\/h1>\t\t\t\t<\/div>\n\t\t\t\t<\/div>\n\t\t\t\t<div class=\"elementor-element elementor-element-450423d elementor-widget-divider--view-line elementor-widget elementor-widget-divider\" data-id=\"450423d\" data-element_type=\"widget\" data-e-type=\"widget\" data-widget_type=\"divider.default\">\n\t\t\t\t<div class=\"elementor-widget-container\">\n\t\t\t\t\t\t\t<div class=\"elementor-divider\">\n\t\t\t<span class=\"elementor-divider-separator\">\n\t\t\t\t\t\t<\/span>\n\t\t<\/div>\n\t\t\t\t\t\t<\/div>\n\t\t\t\t<\/div>\n\t\t\t\t<div class=\"elementor-element elementor-element-4de4a82c elementor-widget elementor-widget-text-editor\" data-id=\"4de4a82c\" data-element_type=\"widget\" data-e-type=\"widget\" data-widget_type=\"text-editor.default\">\n\t\t\t\t<div class=\"elementor-widget-container\">\n\t\t\t\t\t\t\t\t\t<p>Nuestro equipo le proporciona la informaci\u00f3n sobre la trayectoria educativa necesaria para completar una investigaci\u00f3n profesional exhaustiva. Siga leyendo para conocer las ocupaciones a las que nos dirigimos actualmente.<\/p>\t\t\t\t\t\t\t\t<\/div>\n\t\t\t\t<\/div>\n\t\t\t\t<div class=\"elementor-element elementor-element-6f60341 elementor-icon-list--layout-traditional elementor-list-item-link-full_width elementor-widget elementor-widget-icon-list\" data-id=\"6f60341\" data-element_type=\"widget\" data-e-type=\"widget\" data-widget_type=\"icon-list.default\">\n\t\t\t\t<div class=\"elementor-widget-container\">\n\t\t\t\t\t\t\t<ul class=\"elementor-icon-list-items\">\n\t\t\t\t\t\t\t<li class=\"elementor-icon-list-item\">\n\t\t\t\t\t\t\t\t\t\t\t<span class=\"elementor-icon-list-icon\">\n\t\t\t\t\t\t\t<svg xmlns=\"http:\/\/www.w3.org\/2000\/svg\" width=\"100pt\" height=\"100pt\" viewbox=\"0 0 100 100\"><g><path d=\"m38.199 90.5c-1 2.6992 0.39844 5.6992 3.1016 6.6992 0.60156 0.19922 1.1992 0.30078 1.8008 0.30078 2.1016 0 4.1016-1.3008 4.8984-3.3984l5.3984-14.699-7-11.199z\"><\/path><path d=\"m85.898 39.5-7.8008-1.6992c-1.1016-0.19922-2.1016-0.89844-2.8984-1.8008-8-10-9.5-10.602-11.602-10.699l-7.5-0.5c-1.1016-0.10156-2.3984-0.10156-13 4-2.6016 1-4.8984 2.8008-6.5 5.1016l-5.8008 8.5c-0.39844 0.5-0.60156 1.1016-0.69922 1.6992-1.6992-0.19922-3.3984 0.5-4.3984 2.1016l-1 1.6016-3.5-2.1016c-1.1016-0.69922-2.6016-0.30078-3.3008 0.80078l-7.1992 11.801c-0.69922 1.1016-0.30078 2.6016 0.80078 3.3008l18.5 11.094c1.1016 0.69922 2.6016 0.30078 3.3008-0.80078l7.1992-11.801c0.69922-1.1016 0.30078-2.6016-0.80078-3.3008l-3.5-2.1016 1-1.6016c0.89844-1.3984 0.80078-3.1016 0-4.5 0.39844-0.30078 0.80078-0.69922 1.1992-1.1016l5.8008-8.5c0.60156-0.80078 1.3984-1.3984 2.3008-1.8008 0.89844-0.30078 1.6016-0.60156 2.3984-0.89844l-3.5 12c-1.1992 4-0.60156 8.3984 1.6992 11.898l21.402 34.809c1 1.6016 2.6992 2.5 4.3984 2.5 1 0 1.8984-0.19922 2.8008-0.80078 2.5-1.5 3.1992-4.6992 1.6992-7.1992l-17.398-27.898 7.1992-21c0.30078 0.39844 0.60156 0.69922 0.89844 1.1016 2 2.6016 4.8984 4.3008 8.1016 5l7.8008 1.6992c2.5 0.5 4.8984-1 5.3984-3.5 0.5-2.4023-1.0977-4.8008-3.5-5.4023zm-51.797 11.801-1 1.6016-5.3008-3.1992 1-1.6016c0.19922-0.39844 0.80078-0.5 1.1992-0.30078l3.8984 2.3984c0.30078 0.10156 0.40234 0.69922 0.20312 1.1016z\"><\/path><path d=\"m62.387 2.5156c5.5469 0.60156 9.5508 5.5859 8.9492 11.133-0.60547 5.5469-5.5898 9.5508-11.137 8.9453-5.543-0.60156-9.5508-5.5859-8.9453-11.133 0.60547-5.5469 5.5898-9.5508 11.133-8.9453\"><\/path><\/g><\/svg>\t\t\t\t\t\t<\/span>\n\t\t\t\t\t\t\t\t\t\t<span class=\"elementor-icon-list-text\">Descubra las \u00e1reas que despiertan su inter\u00e9s, vea las vacantes actuales, compare salarios y sueldos iniciales, requisitos de educaci\u00f3n, capacitaci\u00f3n y\/o certificaci\u00f3n.<\/span>\n\t\t\t\t\t\t\t\t\t<\/li>\n\t\t\t\t\t\t\t\t<li class=\"elementor-icon-list-item\">\n\t\t\t\t\t\t\t\t\t\t\t<span class=\"elementor-icon-list-icon\">\n\t\t\t\t\t\t\t<svg xmlns=\"http:\/\/www.w3.org\/2000\/svg\" width=\"100pt\" height=\"100pt\" viewbox=\"0 0 100 100\"><g><path d=\"m41.309 100c1.7695 0 3.3047-1 4.0742-2.4648-2.8828-0.070312-5.8086-0.33984-8.4297-0.66797 0.61328 1.8203 2.332 3.1328 4.3555 3.1328z\"><\/path><path d=\"m52.238 100c2.0273 0 3.7461-1.3125 4.3594-3.1328-2.625 0.32812-5.5508 0.59766-8.4297 0.66797 0.76953 1.4648 2.3047 2.4648 4.0703 2.4648z\"><\/path><path d=\"m55.148 20.09c0 4.625-3.7461 8.375-8.375 8.375-4.625 0-8.375-3.75-8.375-8.375s3.75-8.375 8.375-8.375c4.6289 0 8.375 3.75 8.375 8.375\"><\/path><path d=\"m20.145 13.996-3.2227-2.9961c2.0039-2.0117 4.2734-4.1641 6.9609-6.6016 1.2891-1.168-1.6602-4.7031-3.0352-2.7461-2 2.8398-4.1992 5.6523-6.3672 8.2461-0.76953 0.023437-1.5273 0.33984-2.0938 0.94922-0.62109 0.66797-0.875 1.543-0.77344 2.3789-3.0977 3.4844-5.8945 6.2891-7.6523 7.7852 0.10937 0.91797 1.0703 1.9453 2.1602 2.3281 2.2227-2.8516 4.3125-5.4023 6.6953-8.0273l4.0273 3.7461c0.97266-1.1328 1.8555-2.3125 2.4609-3.293 0.50781-0.79688 0.80469-1.5352 0.83984-1.7695zm1.5234-12.27c0.28125-0.21094 0.875 0.10938 1.3203 0.71094 0.44922 0.60156 0.58203 1.2617 0.30078 1.4688-0.0625 0.046875-0.14062 0.0625-0.23047 0.058594 0.11328-0.75391-0.93359-2.0977-0.63672-1.3359 0.25781 0.66797-0.16016 0.69922-0.44531 0.57031 0-0.003907-0.003906-0.003907-0.007812-0.007813-0.44922-0.59766-0.58203-1.2539-0.30078-1.4648z\"><\/path><path d=\"m75.031 12.484-1.625 1.5117c0.039062 0.23828 0.33203 0.97266 0.84375 1.7656 0.56641 0.91797 1.3711 2.0078 2.2656 3.0664 0.0625 0.078125 0.12891 0.15234 0.19531 0.22656l3.5312-3.2852c-0.17188-0.16406-0.35156-0.33203-0.53906-0.49609-1.7695-1.5547-3.3633-2.375-4.6719-2.7891z\"><\/path><path d=\"m45.473 33.531-1.4883 2.3281-4.8672-5.2695c-8.0234-6.5039-10.223-10.871-18.223-16.66 0 1.8594-5.832 9.1211-8.8086 10.113 20.844 12.781 20.102 22.086 20.102 22.086s3.6016 40.262 0.80859 43.801c-2.793 3.5352-5.2109 4.6523-5.2109 4.6523s10.059 2.2344 18.992 2.2344 18.992-2.2344 18.992-2.2344-2.418-1.1172-5.2109-4.6523c-2.793-3.5352 0.80859-43.801 0.80859-43.801s-0.74609-9.3047 20.102-22.086c-2.9766-0.99219-8.8086-8.25-8.8086-10.113-8 5.7891-10.203 10.156-18.227 16.664l-4.8672 5.2656-1.4883-2.3281 3.0195-2.9492h-8.6406z\"><\/path><path d=\"m87.484 20.246c-0.074219 2.582-0.28516 7.3008-0.89453 11.797 1.1172-0.49609 1.7383 0.24609 1.7383 0.24609l0.054687-11.848-0.81641-0.3125z\"><\/path><path d=\"m88.805 4.9297s-7.4141 1.3672-18.43-4.9297l4.4453 8.2539-3.668 3.2852s3.9062-1.3359 9.0391 3.1797c5.1328 4.5156 4.3047 8.5625 4.3047 8.5625l2.793-4.0586 8.7539 3.3594c-7.6484-10.125-7.2383-17.652-7.2383-17.652z\"><\/path><\/g><\/svg>\t\t\t\t\t\t<\/span>\n\t\t\t\t\t\t\t\t\t\t<span class=\"elementor-icon-list-text\">Inf\u00f3rmese si su escuela ofrece recursos \u00fatiles para ayudarle a prepararse e incluso a iniciarse en una ocupaci\u00f3n que le interese, y busque escuelas cercanas que ofrezcan programas y oportunidades. <\/span>\n\t\t\t\t\t\t\t\t\t<\/li>\n\t\t\t\t\t\t\t\t<li class=\"elementor-icon-list-item\">\n\t\t\t\t\t\t\t\t\t\t\t<span class=\"elementor-icon-list-icon\">\n\t\t\t\t\t\t\t<svg xmlns=\"http:\/\/www.w3.org\/2000\/svg\" id=\"Layer_1\" data-name=\"Layer 1\" viewbox=\"0 0 100 100\"><defs><style>      .cls-1 {        fill: #fff;        fill-rule: evenodd;        stroke-width: 0px;      }    <\/style><\/defs><path class=\"cls-1\" d=\"M84.4,6.3c0-1.7-1.4-3.1-3.1-3.1s-3.1,1.4-3.1,3.1v40.6h-12.5c-1.7,0-3.1,1.4-3.1,3.1v12.5h-25c-1.7,0-3.1,1.4-3.1,3.1v12.5H6.2c-1.7,0-3.1,1.4-3.1,3.1v12.5c0,1.7,1.4,3.1,3.1,3.1h87.5c1.7,0,3.1-1.4,3.1-3.1v-43.7c0-1.7-1.4-3.1-3.1-3.1h-9.4V6.3h.1ZM75,35.8c-3.1-.2-6.1.8-9,1.7-5.9,1.8-11.7,3.2-17.7-.5-.9-.6-1.5-1.6-1.5-2.7V12.5c0-1.1.6-2.2,1.6-2.7s2.2-.5,3.2,0c4.1,2.6,8.2,1.1,12.5-.2,3.5-1,7.1-2,10.9-1.9v28.1Z\"><\/path><\/svg>\t\t\t\t\t\t<\/span>\n\t\t\t\t\t\t\t\t\t\t<span class=\"elementor-icon-list-text\">Aprenda sobre los pasos vitales dentro de las trayectorias profesionales, como capacitaci\u00f3n, certificaciones y acreditaciones, y c\u00f3mo obtener las credenciales que necesita para asegurar un empleo en su(s) ocupaci\u00f3n(es) de inter\u00e9s.<\/span>\n\t\t\t\t\t\t\t\t\t<\/li>\n\t\t\t\t\t\t<\/ul>\n\t\t\t\t\t\t<\/div>\n\t\t\t\t<\/div>\n\t\t\t\t\t<\/div>\n\t\t\t\t<\/div>\n\t\t\t\t<div class=\"elementor-element elementor-element-f31c852 elementor-align-center elementor-mobile-align-center elementor-tablet-align-center elementor-widget elementor-widget-button\" data-id=\"f31c852\" data-element_type=\"widget\" data-e-type=\"widget\" data-widget_type=\"button.default\">\n\t\t\t\t<div class=\"elementor-widget-container\">\n\t\t\t\t\t\t\t\t\t<div class=\"elementor-button-wrapper\">\n\t\t\t\t\t<a class=\"elementor-button elementor-button-link elementor-size-sm\" href=\"https:\/\/detcareerpathways.org\/es\/explorar-carreras-east-tx-buscador-de-salarios-de-trabajos-comparar-trabajos-de-nivel-inicial\/\">\n\t\t\t\t\t\t<span class=\"elementor-button-content-wrapper\">\n\t\t\t\t\t\t\t\t\t<span class=\"elementor-button-text\">Comience a explorar carreras profesionales<\/span>\n\t\t\t\t\t<\/span>\n\t\t\t\t\t<\/a>\n\t\t\t\t<\/div>\n\t\t\t\t\t\t\t\t<\/div>\n\t\t\t\t<\/div>\n\t\t\t\t<\/div>\n\t\t<div class=\"elementor-element elementor-element-7e6bbd4a e-con-full e-flex e-con e-child\" data-id=\"7e6bbd4a\" data-element_type=\"container\" data-e-type=\"container\" data-settings=\"{&quot;background_background&quot;:&quot;classic&quot;}\">\n\t\t\t\t<\/div>\n\t\t\t\t<\/main>\n\t\t<aside class=\"elementor-element elementor-element-3822c4f8 e-flex e-con-boxed e-con e-parent\" data-id=\"3822c4f8\" data-element_type=\"container\" data-e-type=\"container\">\n\t\t\t\t\t<div class=\"e-con-inner\">\n\t\t\t\t<div class=\"elementor-element elementor-element-1ceecb88 elementor-cta--layout-image-left elementor-cta--valign-middle elementor-cta--mobile-layout-image-above elementor-cta--skin-classic elementor-animated-content elementor-widget elementor-widget-call-to-action\" data-id=\"1ceecb88\" data-element_type=\"widget\" data-e-type=\"widget\" data-widget_type=\"call-to-action.default\">\n\t\t\t\t<div class=\"elementor-widget-container\">\n\t\t\t\t\t\t\t<div class=\"elementor-cta\">\n\t\t\t\t\t<div class=\"elementor-cta__bg-wrapper\">\n\t\t\t\t<div class=\"elementor-cta__bg elementor-bg\" style=\"background-image: url(https:\/\/detcareerpathways.org\/wp-content\/uploads\/2024\/09\/student-pexels-3874034-min.jpg);\" role=\"img\" aria-label=\"Estudiante estrechando la mano con su empleador en una entrevista de trabajo\"><\/div>\n\t\t\t\t<div class=\"elementor-cta__bg-overlay\"><\/div>\n\t\t\t<\/div>\n\t\t\t\t\t\t\t<div class=\"elementor-cta__content\">\n\t\t\t\t\n\t\t\t\t\t\t\t\t\t<h2 class=\"elementor-cta__title elementor-cta__content-item elementor-content-item\">\n\t\t\t\t\t\tConsulte los recursos profesionales locales para <small class=\"text-nowrap\">Profundo este de Texas<\/small>\t\t\t\t\t<\/h2>\n\t\t\t\t\n\t\t\t\t\t\t\t\t\t<div class=\"elementor-cta__description elementor-cta__content-item elementor-content-item\">\n\t\t\t\t\t\tPlanificaci\u00f3n de carrera, ayuda financiera, universidades, escuelas profesionales, subvenciones, pasant\u00edas, aprendizajes y otras oportunidades.\t\t\t\t\t<\/div>\n\t\t\t\t\n\t\t\t\t\t\t\t\t\t<div class=\"elementor-cta__button-wrapper elementor-cta__content-item elementor-content-item\">\n\t\t\t\t\t<a class=\"elementor-cta__button elementor-button elementor-size-md\" href=\"https:\/\/detcareerpathways.org\/es\/recursos\/\">\n\t\t\t\t\t\tVer recursos\t\t\t\t\t<\/a>\n\t\t\t\t\t<\/div>\n\t\t\t\t\t\t\t<\/div>\n\t\t\t\t\t\t<\/div>\n\t\t\t\t\t\t<\/div>\n\t\t\t\t<\/div>\n\t\t\t\t\t<\/div>\n\t\t\t\t<\/aside>\n\t\t\t\t<\/div>","protected":false},"excerpt":{"rendered":"<p>Unlock the Potential Our team provides you the educational pathway information necessary to complete an extensive career investigation. Read on to learn about the occupations we&#8217;re currently targeting. Discover areas that pique your interest, see current openings, compare starting pay and salaries, education, training, and\/or certification requirements. Learn if your school provides helpful resources to [&hellip;]<\/p>\n","protected":false},"author":2,"featured_media":1833,"parent":0,"menu_order":0,"comment_status":"closed","ping_status":"closed","template":"elementor_header_footer","meta":{"footnotes":""},"class_list":["post-61","page","type-page","status-publish","has-post-thumbnail","hentry"],"yoast_head":"<!-- This site is optimized with the Yoast SEO plugin v27.5 - https:\/\/yoast.com\/product\/yoast-seo-wordpress\/ -->\n<title>For Students - SPEAR<\/title>\n<meta name=\"description\" content=\"Wondering where to work as a high school student looking forward for the best careers in demands in Texas? Compare salary pay rates, degree needed, etc.\" \/>\n<meta name=\"robots\" content=\"index, follow, max-snippet:-1, max-image-preview:large, max-video-preview:-1\" \/>\n<link rel=\"canonical\" href=\"https:\/\/detcareerpathways.org\/es\/opciones-de-carrera-para-estudiantes-de-secundaria-y-universitarios-en-el-este-profundo-de-texas\/\" \/>\n<meta property=\"og:locale\" content=\"es_MX\" \/>\n<meta property=\"og:type\" content=\"article\" \/>\n<meta property=\"og:title\" content=\"For Students - SPEAR\" \/>\n<meta property=\"og:description\" content=\"Wondering where to work as a high school student looking forward for the best careers in demands in Texas? Compare salary pay rates, degree needed, etc.\" \/>\n<meta property=\"og:url\" content=\"https:\/\/detcareerpathways.org\/es\/opciones-de-carrera-para-estudiantes-de-secundaria-y-universitarios-en-el-este-profundo-de-texas\/\" \/>\n<meta property=\"og:site_name\" content=\"SPEAR\" \/>\n<meta property=\"article:modified_time\" content=\"2025-01-22T01:04:41+00:00\" \/>\n<meta property=\"og:image\" content=\"https:\/\/detcareerpathways.org\/wp-content\/uploads\/2024\/09\/pexels-kindelmedia-6774443-square-600.jpg\" \/>\n\t<meta property=\"og:image:width\" content=\"600\" \/>\n\t<meta property=\"og:image:height\" content=\"600\" \/>\n\t<meta property=\"og:image:type\" content=\"image\/jpeg\" \/>\n<meta name=\"twitter:card\" content=\"summary_large_image\" \/>\n<meta name=\"twitter:label1\" content=\"Tiempo de lectura\" \/>\n\t<meta name=\"twitter:data1\" content=\"1 minuto\" \/>\n<script type=\"application\/ld+json\" class=\"yoast-schema-graph\">{\"@context\":\"https:\\\/\\\/schema.org\",\"@graph\":[{\"@type\":\"WebPage\",\"@id\":\"https:\\\/\\\/detcareerpathways.org\\\/career-options-work-in-deep-east-texas-for-students-high-school-college\\\/\",\"url\":\"https:\\\/\\\/detcareerpathways.org\\\/career-options-work-in-deep-east-texas-for-students-high-school-college\\\/\",\"name\":\"For Students - SPEAR\",\"isPartOf\":{\"@id\":\"https:\\\/\\\/detcareerpathways.org\\\/#website\"},\"primaryImageOfPage\":{\"@id\":\"https:\\\/\\\/detcareerpathways.org\\\/career-options-work-in-deep-east-texas-for-students-high-school-college\\\/#primaryimage\"},\"image\":{\"@id\":\"https:\\\/\\\/detcareerpathways.org\\\/career-options-work-in-deep-east-texas-for-students-high-school-college\\\/#primaryimage\"},\"thumbnailUrl\":\"https:\\\/\\\/detcareerpathways.org\\\/wp-content\\\/uploads\\\/2024\\\/09\\\/pexels-kindelmedia-6774443-square-600.jpg\",\"datePublished\":\"2024-06-10T23:05:35+00:00\",\"dateModified\":\"2025-01-22T01:04:41+00:00\",\"description\":\"Wondering where to work as a high school student looking forward for the best careers in demands in Texas? Compare salary pay rates, degree needed, etc.\",\"breadcrumb\":{\"@id\":\"https:\\\/\\\/detcareerpathways.org\\\/career-options-work-in-deep-east-texas-for-students-high-school-college\\\/#breadcrumb\"},\"inLanguage\":\"es\",\"potentialAction\":[{\"@type\":\"ReadAction\",\"target\":[\"https:\\\/\\\/detcareerpathways.org\\\/career-options-work-in-deep-east-texas-for-students-high-school-college\\\/\"]}]},{\"@type\":\"ImageObject\",\"inLanguage\":\"es\",\"@id\":\"https:\\\/\\\/detcareerpathways.org\\\/career-options-work-in-deep-east-texas-for-students-high-school-college\\\/#primaryimage\",\"url\":\"https:\\\/\\\/detcareerpathways.org\\\/wp-content\\\/uploads\\\/2024\\\/09\\\/pexels-kindelmedia-6774443-square-600.jpg\",\"contentUrl\":\"https:\\\/\\\/detcareerpathways.org\\\/wp-content\\\/uploads\\\/2024\\\/09\\\/pexels-kindelmedia-6774443-square-600.jpg\",\"width\":600,\"height\":600,\"caption\":\"A young student who looks interested in something\"},{\"@type\":\"BreadcrumbList\",\"@id\":\"https:\\\/\\\/detcareerpathways.org\\\/career-options-work-in-deep-east-texas-for-students-high-school-college\\\/#breadcrumb\",\"itemListElement\":[{\"@type\":\"ListItem\",\"position\":1,\"name\":\"Home\",\"item\":\"https:\\\/\\\/detcareerpathways.org\\\/\"},{\"@type\":\"ListItem\",\"position\":2,\"name\":\"For Students\"}]},{\"@type\":\"WebSite\",\"@id\":\"https:\\\/\\\/detcareerpathways.org\\\/#website\",\"url\":\"https:\\\/\\\/detcareerpathways.org\\\/\",\"name\":\"SPEAR\",\"description\":\"\",\"publisher\":{\"@id\":\"https:\\\/\\\/detcareerpathways.org\\\/#organization\"},\"potentialAction\":[{\"@type\":\"SearchAction\",\"target\":{\"@type\":\"EntryPoint\",\"urlTemplate\":\"https:\\\/\\\/detcareerpathways.org\\\/?s={search_term_string}\"},\"query-input\":{\"@type\":\"PropertyValueSpecification\",\"valueRequired\":true,\"valueName\":\"search_term_string\"}}],\"inLanguage\":\"es\"},{\"@type\":\"Organization\",\"@id\":\"https:\\\/\\\/detcareerpathways.org\\\/#organization\",\"name\":\"SPEAR\",\"url\":\"https:\\\/\\\/detcareerpathways.org\\\/\",\"logo\":{\"@type\":\"ImageObject\",\"inLanguage\":\"es\",\"@id\":\"https:\\\/\\\/detcareerpathways.org\\\/#\\\/schema\\\/logo\\\/image\\\/\",\"url\":\"https:\\\/\\\/detcareerpathways.org\\\/wp-content\\\/uploads\\\/2024\\\/06\\\/WorkForceSolutions-Deep-East-Texas-logo-web-cut-REV6.jpg\",\"contentUrl\":\"https:\\\/\\\/detcareerpathways.org\\\/wp-content\\\/uploads\\\/2024\\\/06\\\/WorkForceSolutions-Deep-East-Texas-logo-web-cut-REV6.jpg\",\"width\":817,\"height\":285,\"caption\":\"SPEAR\"},\"image\":{\"@id\":\"https:\\\/\\\/detcareerpathways.org\\\/#\\\/schema\\\/logo\\\/image\\\/\"}}]}<\/script>\n<!-- \/ Yoast SEO plugin. -->","yoast_head_json":{"title":"Para estudiantes - SPEAR","description":"\u00bfTe preguntas d\u00f3nde trabajar como estudiante de secundaria y buscas las mejores oportunidades laborales en Texas? Compara salarios, t\u00edtulos necesarios, etc.","robots":{"index":"index","follow":"follow","max-snippet":"max-snippet:-1","max-image-preview":"max-image-preview:large","max-video-preview":"max-video-preview:-1"},"canonical":"https:\/\/detcareerpathways.org\/es\/opciones-de-carrera-para-estudiantes-de-secundaria-y-universitarios-en-el-este-profundo-de-texas\/","og_locale":"es_MX","og_type":"article","og_title":"For Students - SPEAR","og_description":"Wondering where to work as a high school student looking forward for the best careers in demands in Texas? Compare salary pay rates, degree needed, etc.","og_url":"https:\/\/detcareerpathways.org\/es\/opciones-de-carrera-para-estudiantes-de-secundaria-y-universitarios-en-el-este-profundo-de-texas\/","og_site_name":"SPEAR","article_modified_time":"2025-01-22T01:04:41+00:00","og_image":[{"width":600,"height":600,"url":"https:\/\/detcareerpathways.org\/wp-content\/uploads\/2024\/09\/pexels-kindelmedia-6774443-square-600.jpg","type":"image\/jpeg"}],"twitter_card":"summary_large_image","twitter_misc":{"Tiempo de lectura":"1 minuto"},"schema":{"@context":"https:\/\/schema.org","@graph":[{"@type":"WebPage","@id":"https:\/\/detcareerpathways.org\/career-options-work-in-deep-east-texas-for-students-high-school-college\/","url":"https:\/\/detcareerpathways.org\/career-options-work-in-deep-east-texas-for-students-high-school-college\/","name":"Para estudiantes - SPEAR","isPartOf":{"@id":"https:\/\/detcareerpathways.org\/#website"},"primaryImageOfPage":{"@id":"https:\/\/detcareerpathways.org\/career-options-work-in-deep-east-texas-for-students-high-school-college\/#primaryimage"},"image":{"@id":"https:\/\/detcareerpathways.org\/career-options-work-in-deep-east-texas-for-students-high-school-college\/#primaryimage"},"thumbnailUrl":"https:\/\/detcareerpathways.org\/wp-content\/uploads\/2024\/09\/pexels-kindelmedia-6774443-square-600.jpg","datePublished":"2024-06-10T23:05:35+00:00","dateModified":"2025-01-22T01:04:41+00:00","description":"\u00bfTe preguntas d\u00f3nde trabajar como estudiante de secundaria y buscas las mejores oportunidades laborales en Texas? Compara salarios, t\u00edtulos necesarios, etc.","breadcrumb":{"@id":"https:\/\/detcareerpathways.org\/career-options-work-in-deep-east-texas-for-students-high-school-college\/#breadcrumb"},"inLanguage":"es","potentialAction":[{"@type":"ReadAction","target":["https:\/\/detcareerpathways.org\/career-options-work-in-deep-east-texas-for-students-high-school-college\/"]}]},{"@type":"ImageObject","inLanguage":"es","@id":"https:\/\/detcareerpathways.org\/career-options-work-in-deep-east-texas-for-students-high-school-college\/#primaryimage","url":"https:\/\/detcareerpathways.org\/wp-content\/uploads\/2024\/09\/pexels-kindelmedia-6774443-square-600.jpg","contentUrl":"https:\/\/detcareerpathways.org\/wp-content\/uploads\/2024\/09\/pexels-kindelmedia-6774443-square-600.jpg","width":600,"height":600,"caption":"A young student who looks interested in something"},{"@type":"BreadcrumbList","@id":"https:\/\/detcareerpathways.org\/career-options-work-in-deep-east-texas-for-students-high-school-college\/#breadcrumb","itemListElement":[{"@type":"ListItem","position":1,"name":"Home","item":"https:\/\/detcareerpathways.org\/"},{"@type":"ListItem","position":2,"name":"For Students"}]},{"@type":"WebSite","@id":"https:\/\/detcareerpathways.org\/#website","url":"https:\/\/detcareerpathways.org\/","name":"LANZA","description":"","publisher":{"@id":"https:\/\/detcareerpathways.org\/#organization"},"potentialAction":[{"@type":"SearchAction","target":{"@type":"EntryPoint","urlTemplate":"https:\/\/detcareerpathways.org\/?s={search_term_string}"},"query-input":{"@type":"PropertyValueSpecification","valueRequired":true,"valueName":"search_term_string"}}],"inLanguage":"es"},{"@type":"Organization","@id":"https:\/\/detcareerpathways.org\/#organization","name":"LANZA","url":"https:\/\/detcareerpathways.org\/","logo":{"@type":"ImageObject","inLanguage":"es","@id":"https:\/\/detcareerpathways.org\/#\/schema\/logo\/image\/","url":"https:\/\/detcareerpathways.org\/wp-content\/uploads\/2024\/06\/WorkForceSolutions-Deep-East-Texas-logo-web-cut-REV6.jpg","contentUrl":"https:\/\/detcareerpathways.org\/wp-content\/uploads\/2024\/06\/WorkForceSolutions-Deep-East-Texas-logo-web-cut-REV6.jpg","width":817,"height":285,"caption":"SPEAR"},"image":{"@id":"https:\/\/detcareerpathways.org\/#\/schema\/logo\/image\/"}}]}},"_links":{"self":[{"href":"https:\/\/detcareerpathways.org\/es\/wp-json\/wp\/v2\/pages\/61","targetHints":{"allow":["GET"]}}],"collection":[{"href":"https:\/\/detcareerpathways.org\/es\/wp-json\/wp\/v2\/pages"}],"about":[{"href":"https:\/\/detcareerpathways.org\/es\/wp-json\/wp\/v2\/types\/page"}],"author":[{"embeddable":true,"href":"https:\/\/detcareerpathways.org\/es\/wp-json\/wp\/v2\/users\/2"}],"replies":[{"embeddable":true,"href":"https:\/\/detcareerpathways.org\/es\/wp-json\/wp\/v2\/comments?post=61"}],"version-history":[{"count":92,"href":"https:\/\/detcareerpathways.org\/es\/wp-json\/wp\/v2\/pages\/61\/revisions"}],"predecessor-version":[{"id":6920,"href":"https:\/\/detcareerpathways.org\/es\/wp-json\/wp\/v2\/pages\/61\/revisions\/6920"}],"wp:featuredmedia":[{"embeddable":true,"href":"https:\/\/detcareerpathways.org\/es\/wp-json\/wp\/v2\/media\/1833"}],"wp:attachment":[{"href":"https:\/\/detcareerpathways.org\/es\/wp-json\/wp\/v2\/media?parent=61"}],"curies":[{"name":"gracias","href":"https:\/\/api.w.org\/{rel}","templated":true}]}}